{"id":35,"date":"2023-11-28T21:00:58","date_gmt":"2023-11-28T20:00:58","guid":{"rendered":"https:\/\/specials.querfeldeins.org\/?page_id=35"},"modified":"2025-04-14T22:11:17","modified_gmt":"2025-04-14T20:11:17","slug":"veranstaltungen","status":"publish","type":"page","link":"https:\/\/specials.querfeldeins.org\/index.php\/veranstaltungen\/","title":{"rendered":"Das Programm"},"content":{"rendered":"\n<div style=\"height:var(--wp--preset--spacing--50)\" aria-hidden=\"true\" class=\"wp-block-spacer\"><\/div>\n\n\n\n<div class=\"wp-block-group alignwide has-global-padding is-layout-constrained wp-block-group-is-layout-constrained\">\n<h2 class=\"wp-block-heading alignwide has-large-font-size\" style=\"line-height:1.2\">&#8230; k\u00f6nnen fesselnde Momente sein, oder spannende Aktivit\u00e4ten <\/h2>\n<\/div>\n\n\n\n<div class=\"wp-block-group alignfull has-accent-4-background-color has-background has-global-padding is-layout-constrained wp-container-core-group-is-layout-b25ccd55 wp-block-group-is-layout-constrained\" style=\"margin-top:0;margin-bottom:0;padding-top:var(--wp--preset--spacing--50);padding-right:var(--wp--preset--spacing--50);padding-bottom:var(--wp--preset--spacing--50);padding-left:var(--wp--preset--spacing--50)\">\n<div class=\"wp-block-columns alignwide is-layout-flex wp-container-core-columns-is-layout-ff4b9c61 wp-block-columns-is-layout-flex\" style=\"margin-top:0;margin-bottom:0\">\n<div class=\"wp-block-column is-layout-flow wp-container-core-column-is-layout-8a368f38 wp-block-column-is-layout-flow\">\n<figure class=\"wp-block-image size-large is-style-rounded is-style-rounded--1\"><a href=\"https:\/\/specials.querfeldeins.org\/wp-content\/uploads\/2023\/11\/IMG_8074-scaled.jpeg\"><img decoding=\"async\" src=\"https:\/\/specials.querfeldeins.org\/wp-content\/uploads\/2023\/11\/IMG_8074-1024x768.jpeg\" alt=\"\" class=\"wp-image-44\" style=\"aspect-ratio:4\/3;object-fit:cover\"\/><\/a><figcaption class=\"wp-element-caption\">Escape Room<\/figcaption><\/figure>\n\n\n\n<div style=\"height:var(--wp--preset--spacing--50)\" aria-hidden=\"true\" class=\"wp-block-spacer\"><\/div>\n\n\n\n<figure class=\"wp-block-image size-large is-style-rounded is-style-rounded--2\"><a href=\"https:\/\/specials.querfeldeins.org\/wp-content\/uploads\/2023\/11\/20231003_185813.jpg\"><img loading=\"lazy\" decoding=\"async\" width=\"687\" height=\"1024\" src=\"https:\/\/specials.querfeldeins.org\/wp-content\/uploads\/2023\/11\/20231003_185813-687x1024.jpg\" alt=\"\" class=\"wp-image-43\" style=\"aspect-ratio:3\/4;object-fit:cover\" srcset=\"https:\/\/specials.querfeldeins.org\/wp-content\/uploads\/2023\/11\/20231003_185813-687x1024.jpg 687w, https:\/\/specials.querfeldeins.org\/wp-content\/uploads\/2023\/11\/20231003_185813-201x300.jpg 201w, https:\/\/specials.querfeldeins.org\/wp-content\/uploads\/2023\/11\/20231003_185813-768x1145.jpg 768w, https:\/\/specials.querfeldeins.org\/wp-content\/uploads\/2023\/11\/20231003_185813-1030x1536.jpg 1030w, https:\/\/specials.querfeldeins.org\/wp-content\/uploads\/2023\/11\/20231003_185813.jpg 1068w\" sizes=\"auto, (max-width: 687px) 100vw, 687px\" \/><\/a><figcaption class=\"wp-element-caption\">Dinner Party<\/figcaption><\/figure>\n\n\n\n<div style=\"height:var(--wp--preset--spacing--50)\" aria-hidden=\"true\" class=\"wp-block-spacer\"><\/div>\n\n\n\n<figure class=\"wp-block-image size-large is-style-rounded is-style-rounded--3\"><a href=\"https:\/\/specials.querfeldeins.org\/wp-content\/uploads\/2023\/11\/IMG_7471-scaled.jpeg\"><img decoding=\"async\" src=\"https:\/\/specials.querfeldeins.org\/wp-content\/uploads\/2023\/11\/IMG_7471-1024x768.jpeg\" alt=\"\" class=\"wp-image-51\" style=\"aspect-ratio:3\/4;object-fit:cover\"\/><\/a><figcaption class=\"wp-element-caption\">Musik Acts<\/figcaption><\/figure>\n<\/div>\n\n\n\n<div class=\"wp-block-column is-layout-flow wp-container-core-column-is-layout-8a368f38 wp-block-column-is-layout-flow\">\n<div style=\"height:var(--wp--preset--spacing--50)\" aria-hidden=\"true\" class=\"wp-block-spacer\"><\/div>\n\n\n\n<figure class=\"wp-block-image size-full is-style-rounded is-style-rounded--4\"><a href=\"https:\/\/specials.querfeldeins.org\/wp-content\/uploads\/2023\/12\/seif_k012-2.jpg\"><img loading=\"lazy\" decoding=\"async\" width=\"1300\" height=\"866\" src=\"https:\/\/specials.querfeldeins.org\/wp-content\/uploads\/2023\/12\/seif_k012-2.jpg\" alt=\"\" class=\"wp-image-224\" style=\"aspect-ratio:3\/4;object-fit:cover\" srcset=\"https:\/\/specials.querfeldeins.org\/wp-content\/uploads\/2023\/12\/seif_k012-2.jpg 1300w, https:\/\/specials.querfeldeins.org\/wp-content\/uploads\/2023\/12\/seif_k012-2-300x200.jpg 300w, https:\/\/specials.querfeldeins.org\/wp-content\/uploads\/2023\/12\/seif_k012-2-1024x682.jpg 1024w, https:\/\/specials.querfeldeins.org\/wp-content\/uploads\/2023\/12\/seif_k012-2-768x512.jpg 768w\" sizes=\"auto, (max-width: 1300px) 100vw, 1300px\" \/><\/a><figcaption class=\"wp-element-caption\">Seifenkisten Challenge<\/figcaption><\/figure>\n\n\n\n<div style=\"height:var(--wp--preset--spacing--50)\" aria-hidden=\"true\" class=\"wp-block-spacer\"><\/div>\n\n\n\n<figure class=\"wp-block-image size-large is-style-rounded is-style-rounded--5\"><a href=\"https:\/\/specials.querfeldeins.org\/wp-content\/uploads\/2023\/11\/bogenschiessen-33.jpg\"><img loading=\"lazy\" decoding=\"async\" width=\"1024\" height=\"565\" src=\"https:\/\/specials.querfeldeins.org\/wp-content\/uploads\/2023\/11\/bogenschiessen-33-1024x565.jpg\" alt=\"\" class=\"wp-image-41\" style=\"aspect-ratio:1;object-fit:cover\" srcset=\"https:\/\/specials.querfeldeins.org\/wp-content\/uploads\/2023\/11\/bogenschiessen-33-1024x565.jpg 1024w, https:\/\/specials.querfeldeins.org\/wp-content\/uploads\/2023\/11\/bogenschiessen-33-300x165.jpg 300w, https:\/\/specials.querfeldeins.org\/wp-content\/uploads\/2023\/11\/bogenschiessen-33-768x424.jpg 768w, https:\/\/specials.querfeldeins.org\/wp-content\/uploads\/2023\/11\/bogenschiessen-33.jpg 1300w\" sizes=\"auto, (max-width: 1024px) 100vw, 1024px\" \/><\/a><figcaption class=\"wp-element-caption\">Bogen-Turnier<\/figcaption><\/figure>\n\n\n\n<div style=\"height:var(--wp--preset--spacing--50)\" aria-hidden=\"true\" class=\"wp-block-spacer\"><\/div>\n\n\n\n<figure class=\"wp-block-image size-large is-style-rounded is-style-rounded--6\"><a href=\"https:\/\/specials.querfeldeins.org\/wp-content\/uploads\/2023\/11\/IMG_1279-scaled.jpg\"><img decoding=\"async\" src=\"https:\/\/specials.querfeldeins.org\/wp-content\/uploads\/2023\/11\/IMG_1279-1024x683.jpg\" alt=\"\" class=\"wp-image-63\" style=\"aspect-ratio:1;object-fit:cover\"\/><\/a><figcaption class=\"wp-element-caption\">Cookchallenge Teamkochen<\/figcaption><\/figure>\n<\/div>\n\n\n\n<div class=\"wp-block-column is-layout-flow wp-container-core-column-is-layout-8a368f38 wp-block-column-is-layout-flow\">\n<figure class=\"wp-block-image size-large is-style-rounded is-style-rounded--7\"><a href=\"https:\/\/specials.querfeldeins.org\/wp-content\/uploads\/2023\/11\/IMG_8361-scaled.jpeg\"><img decoding=\"async\" src=\"https:\/\/specials.querfeldeins.org\/wp-content\/uploads\/2023\/11\/IMG_8361-1024x768.jpeg\" alt=\"\" class=\"wp-image-67\" style=\"aspect-ratio:3\/4;object-fit:cover\"\/><\/a><figcaption class=\"wp-element-caption\">Showprogramm <\/figcaption><\/figure>\n\n\n\n<div style=\"height:var(--wp--preset--spacing--50)\" aria-hidden=\"true\" class=\"wp-block-spacer\"><\/div>\n\n\n\n<figure class=\"wp-block-image size-large is-style-rounded is-style-rounded--8\"><a href=\"https:\/\/specials.querfeldeins.org\/wp-content\/uploads\/2023\/11\/Crossgolf_Teamevent.jpg\"><img loading=\"lazy\" decoding=\"async\" width=\"1024\" height=\"585\" src=\"https:\/\/specials.querfeldeins.org\/wp-content\/uploads\/2023\/11\/Crossgolf_Teamevent-1024x585.jpg\" alt=\"\" class=\"wp-image-49\" style=\"aspect-ratio:3\/4;object-fit:cover\" srcset=\"https:\/\/specials.querfeldeins.org\/wp-content\/uploads\/2023\/11\/Crossgolf_Teamevent-1024x585.jpg 1024w, https:\/\/specials.querfeldeins.org\/wp-content\/uploads\/2023\/11\/Crossgolf_Teamevent-300x171.jpg 300w, https:\/\/specials.querfeldeins.org\/wp-content\/uploads\/2023\/11\/Crossgolf_Teamevent-768x439.jpg 768w, https:\/\/specials.querfeldeins.org\/wp-content\/uploads\/2023\/11\/Crossgolf_Teamevent.jpg 1300w\" sizes=\"auto, (max-width: 1024px) 100vw, 1024px\" \/><\/a><figcaption class=\"wp-element-caption\">Urban-Crossgolg<\/figcaption><\/figure>\n\n\n\n<div style=\"height:var(--wp--preset--spacing--50)\" aria-hidden=\"true\" class=\"wp-block-spacer\"><\/div>\n\n\n\n<figure class=\"wp-block-image size-large is-style-rounded is-style-rounded--9\"><a href=\"https:\/\/specials.querfeldeins.org\/wp-content\/uploads\/2023\/11\/IMG_8007-scaled.jpeg\"><img decoding=\"async\" src=\"https:\/\/specials.querfeldeins.org\/wp-content\/uploads\/2023\/11\/IMG_8007-1024x768.jpeg\" alt=\"\" class=\"wp-image-50\" style=\"aspect-ratio:16\/9;object-fit:cover\"\/><\/a><figcaption class=\"wp-element-caption\">Showprogramm<\/figcaption><\/figure>\n<\/div>\n\n\n\n<div class=\"wp-block-column is-layout-flow wp-container-core-column-is-layout-8a368f38 wp-block-column-is-layout-flow\">\n<div style=\"height:var(--wp--preset--spacing--50)\" aria-hidden=\"true\" class=\"wp-block-spacer\"><\/div>\n\n\n\n<figure class=\"wp-block-image size-large is-style-rounded is-style-rounded--10\"><a href=\"https:\/\/specials.querfeldeins.org\/wp-content\/uploads\/2023\/11\/urban_street_games_teamevent.jpg\"><img loading=\"lazy\" decoding=\"async\" width=\"1024\" height=\"495\" src=\"https:\/\/specials.querfeldeins.org\/wp-content\/uploads\/2023\/11\/urban_street_games_teamevent-1024x495.jpg\" alt=\"\" class=\"wp-image-42\" style=\"aspect-ratio:1;object-fit:cover\" srcset=\"https:\/\/specials.querfeldeins.org\/wp-content\/uploads\/2023\/11\/urban_street_games_teamevent-1024x495.jpg 1024w, https:\/\/specials.querfeldeins.org\/wp-content\/uploads\/2023\/11\/urban_street_games_teamevent-300x145.jpg 300w, https:\/\/specials.querfeldeins.org\/wp-content\/uploads\/2023\/11\/urban_street_games_teamevent-768x371.jpg 768w, https:\/\/specials.querfeldeins.org\/wp-content\/uploads\/2023\/11\/urban_street_games_teamevent.jpg 1300w\" sizes=\"auto, (max-width: 1024px) 100vw, 1024px\" \/><\/a><figcaption class=\"wp-element-caption\">Kooperatives Teamspiele <\/figcaption><\/figure>\n\n\n\n<div style=\"height:var(--wp--preset--spacing--50)\" aria-hidden=\"true\" class=\"wp-block-spacer\"><\/div>\n\n\n\n<figure class=\"wp-block-image size-large is-style-rounded is-style-rounded--11\"><a href=\"https:\/\/specials.querfeldeins.org\/wp-content\/uploads\/2023\/11\/5.jpg\"><img loading=\"lazy\" decoding=\"async\" width=\"1024\" height=\"768\" src=\"https:\/\/specials.querfeldeins.org\/wp-content\/uploads\/2023\/11\/5-1024x768.jpg\" alt=\"\" class=\"wp-image-38\" style=\"aspect-ratio:16\/9;object-fit:cover\" srcset=\"https:\/\/specials.querfeldeins.org\/wp-content\/uploads\/2023\/11\/5-1024x768.jpg 1024w, https:\/\/specials.querfeldeins.org\/wp-content\/uploads\/2023\/11\/5-300x225.jpg 300w, https:\/\/specials.querfeldeins.org\/wp-content\/uploads\/2023\/11\/5-768x576.jpg 768w, https:\/\/specials.querfeldeins.org\/wp-content\/uploads\/2023\/11\/5.jpg 1300w\" sizes=\"auto, (max-width: 1024px) 100vw, 1024px\" \/><\/a><figcaption class=\"wp-element-caption\">Rafting auf dem Rhein, von D\u00fcsseldorf bis zum Kl\u00e4rwerk<\/figcaption><\/figure>\n\n\n\n<div style=\"height:var(--wp--preset--spacing--50)\" aria-hidden=\"true\" class=\"wp-block-spacer\"><\/div>\n\n\n\n<figure class=\"wp-block-image size-large is-style-rounded is-style-rounded--12\"><a href=\"https:\/\/specials.querfeldeins.org\/wp-content\/uploads\/2023\/11\/IMG_8356-scaled.jpeg\"><img decoding=\"async\" src=\"https:\/\/specials.querfeldeins.org\/wp-content\/uploads\/2023\/11\/IMG_8356-1024x768.jpeg\" alt=\"\" class=\"wp-image-66\" style=\"aspect-ratio:9\/16;object-fit:cover\"\/><\/a><figcaption class=\"wp-element-caption\">Magie und magische Momente<\/figcaption><\/figure>\n<\/div>\n<\/div>\n<\/div>\n\n\n\n<div class=\"wp-block-group alignfull has-base-color has-contrast-background-color has-text-color has-background has-link-color wp-elements-8dd8f6eadf42a7353dcda833b553ffe8 has-global-padding is-layout-constrained wp-container-core-group-is-layout-d89aad35 wp-block-group-is-layout-constrained\" style=\"margin-top:0;margin-bottom:0;padding-top:var(--wp--preset--spacing--50);padding-right:var(--wp--preset--spacing--50);padding-bottom:var(--wp--preset--spacing--50);padding-left:var(--wp--preset--spacing--50)\">\n<div class=\"wp-block-columns alignwide is-layout-flex wp-container-core-columns-is-layout-549b0c86 wp-block-columns-is-layout-flex\">\n<div class=\"wp-block-column has-global-padding is-content-justification-left is-layout-constrained wp-container-core-column-is-layout-4f15e8fe wp-block-column-is-layout-constrained\" style=\"flex-basis:40%\">\n<p>Entscheidend ist der Spa\u00df. Denn positive Erlebnisse ben\u00f6tigen Freude, Lachen, Herausforderungen. <\/p>\n<\/div>\n\n\n\n<div class=\"wp-block-column is-layout-flow wp-container-core-column-is-layout-119bc444 wp-block-column-is-layout-flow\" style=\"flex-basis:60%\">\n<p class=\"has-heading-font-family has-x-large-font-size\" style=\"line-height:1.2\">Unterschiedlichste Veranstaltungen f\u00fcr Wirtschaftsunternehmen sind unser Metiers.  <\/p>\n\n\n\n<div class=\"wp-block-columns is-layout-flex wp-container-core-columns-is-layout-87beb0d0 wp-block-columns-is-layout-flex\">\n<div class=\"wp-block-column is-layout-flow wp-block-column-is-layout-flow\">\n<p class=\"wp-container-content-9cfa9a5a\">Wir sind darin Experten und nutzen unsere jahrzehntelange Erfahrung als Eventveranstalter, Touristik- und Location- Experten.  Im Kl\u00e4rwerk bieten wir Ihnen auf Wunsch full Service, von A-Z. Ob Traum-Hochzeitsfeier, kreative Tagung oder Produktpr\u00e4sentation \u2013 im Kl\u00e4rwerk kreieren wir Veranstaltungen ganz nach Ihren W\u00fcnschen. Facettenreich \u2013 individuell und unvergesslich!<\/p>\n<\/div>\n\n\n\n<div class=\"wp-block-column is-layout-flow wp-block-column-is-layout-flow\">\n<p>Hinter dem Kl\u00e4rwerk steht <a href=\"https:\/\/www.querfeldeins.org\">Querfeldeins<\/a>, ein bundesweit operierende Eventveranstalter.<\/p>\n<\/div>\n<\/div>\n<\/div>\n<\/div>\n<\/div>\n\n\n\n<div class=\"wp-block-group alignfull has-global-padding is-layout-constrained wp-container-core-group-is-layout-d89aad35 wp-block-group-is-layout-constrained\" style=\"margin-top:0;margin-bottom:0;padding-top:var(--wp--preset--spacing--50);padding-right:var(--wp--preset--spacing--50);padding-bottom:var(--wp--preset--spacing--50);padding-left:var(--wp--preset--spacing--50)\">\n<div class=\"wp-block-group alignwide has-base-2-background-color has-background is-layout-flow wp-block-group-is-layout-flow\" style=\"border-radius:16px;padding-top:var(--wp--preset--spacing--50);padding-right:var(--wp--preset--spacing--50);padding-bottom:var(--wp--preset--spacing--50);padding-left:var(--wp--preset--spacing--50)\">\n<p class=\"has-text-align-center\">We\u2019ve worked with some of the best companies.<\/p>\n\n\n\n<div style=\"height:var(--wp--preset--spacing--10)\" aria-hidden=\"true\" class=\"wp-block-spacer\"><\/div>\n\n\n\n<div class=\"wp-block-group alignwide is-content-justification-center is-layout-flex wp-container-core-group-is-layout-f95ffa09 wp-block-group-is-layout-flex\" style=\"padding-top:0;padding-right:0;padding-bottom:0;padding-left:0\">\n\n\n\n\n\n\n\n<\/div>\n<\/div>\n<\/div>\n\n\n\n<div class=\"wp-block-group alignfull has-base-color has-contrast-background-color has-text-color has-background has-link-color wp-elements-75b07ec63866ef258b444256f5c28dd7 has-global-padding is-layout-constrained wp-container-core-group-is-layout-d89aad35 wp-block-group-is-layout-constrained\" style=\"margin-top:0;margin-bottom:0;padding-top:var(--wp--preset--spacing--50);padding-right:var(--wp--preset--spacing--50);padding-bottom:var(--wp--preset--spacing--50);padding-left:var(--wp--preset--spacing--50)\">\n<h2 class=\"wp-block-heading alignwide has-base-color has-text-color has-link-color wp-elements-c9b5699bdecff18878afa112249018b5\" style=\"font-size:clamp(4.509rem, 4.509rem + ((1vw - 0.2rem) * 9.152), 10rem);letter-spacing:-0.02em\">FAQs<\/h2>\n\n\n\n<div class=\"wp-block-group alignwide is-layout-flow wp-block-group-is-layout-flow\">\n<hr class=\"wp-block-separator has-text-color has-base-color has-alpha-channel-opacity has-base-background-color has-background is-style-wide\"\/>\n\n\n\n<details class=\"wp-block-details is-style-arrow-icon-details has-medium-font-size is-layout-flow wp-block-details-is-layout-flow\" style=\"border-top-style:none;border-top-width:0px;border-right-style:none;border-right-width:0px;border-bottom-color:var(--wp--preset--color--base);border-bottom-style:solid;border-bottom-width:1px;border-left-style:none;border-left-width:0px;margin-top:0\"><summary>K\u00f6nnen wir das Kl\u00e4rwerk exklusiv mieten?<\/summary>\n<p class=\"has-contrast-1-color has-text-color has-link-color wp-elements-c8c7efaed08df520492bb11c706f85a3\">Das Kl\u00e4rwerk kann f\u00fcr Ihr Firmenevent exklusiv genutzt werden. <\/p>\n<\/details>\n\n\n\n<details class=\"wp-block-details is-style-arrow-icon-details has-medium-font-size is-layout-flow wp-block-details-is-layout-flow\" style=\"border-top-style:none;border-top-width:0px;border-right-style:none;border-right-width:0px;border-bottom-color:var(--wp--preset--color--base);border-bottom-style:solid;border-bottom-width:1px;border-left-style:none;border-left-width:0px;margin-top:0\"><summary>Wer steckt hinter dem Kl\u00e4rwerk?<\/summary>\n<p class=\"has-contrast-1-color has-text-color has-link-color wp-elements-36cad702f3d20e6a2358667af1c54583\">Das Kl\u00e4rwerk ist in Privatbesitz. Es wird durch die Eigent\u00fcmer vermietet. Firmenprogramme werden durch Querfeldeins organisiert. Der F\u00f6rderverein des Kl\u00e4rwerks veranstaltet das gemeinn\u00fctzige Kunst und Kulturprogramm.  <\/p>\n<\/details>\n\n\n\n<details class=\"wp-block-details is-style-arrow-icon-details has-medium-font-size is-layout-flow wp-block-details-is-layout-flow\" style=\"border-top-style:none;border-top-width:0px;border-right-style:none;border-right-width:0px;border-bottom-color:var(--wp--preset--color--base);border-bottom-style:solid;border-bottom-width:1px;border-left-style:none;border-left-width:0px;margin-top:0\"><summary>Ich w\u00fcrde Sie gerne vorab treffen, ist das m\u00f6glich?<\/summary>\n<p class=\"has-contrast-1-color has-text-color has-link-color wp-elements-e002fe855b2ce91c4aee448bf5e22943\">Unbedingt empfehlenswert ist ein Termin. Rufen Sie uns bitte an: \u202d+49 2151 9718738\u202c oder senden uns eine Email <a href=\"mailto:klaerwerk@q-dex.org\">klaerwerk@q-dex.org<\/a><\/p>\n<\/details>\n\n\n\n<details class=\"wp-block-details is-style-arrow-icon-details has-medium-font-size is-layout-flow wp-block-details-is-layout-flow\" style=\"border-top-style:none;border-top-width:0px;border-right-style:none;border-right-width:0px;border-bottom-color:var(--wp--preset--color--base);border-bottom-style:solid;border-bottom-width:1px;border-left-style:none;border-left-width:0px;margin-top:0\"><summary>Bieten Sie full Service?<\/summary>\n<p class=\"has-contrast-1-color has-text-color has-link-color wp-elements-d1adbffc58ad5da7979e1b165b27535f\">Selbstverst\u00e4ndlich k\u00f6nnen wir s\u00e4mtliche Bereiche und die B\u00fcndelung aller beauftragten Dienstleister f\u00fcr Sie vollst\u00e4ndig abbilden.  <\/p>\n<\/details>\n\n\n\n<div style=\"margin-top:var(--wp--preset--spacing--10);margin-bottom:0;height:var(--wp--preset--spacing--10)\" aria-hidden=\"true\" class=\"wp-block-spacer\"><\/div>\n<\/div>\n<\/div>\n","protected":false},"excerpt":{"rendered":"<p>&#8230; k\u00f6nnen fesselnde Momente sein, oder spannende Aktivit\u00e4ten Entscheidend ist der Spa\u00df. Denn positive Erlebnisse ben\u00f6tigen Freude, Lachen, Herausforderungen. Unterschiedlichste Veranstaltungen f\u00fcr Wirtschaftsunternehmen sind unser Metiers. Wir sind darin Experten und nutzen unsere jahrzehntelange Erfahrung als Eventveranstalter, Touristik- und Location- Experten. Im Kl\u00e4rwerk bieten wir Ihnen auf Wunsch full Service, von A-Z. Ob Traum-Hochzeitsfeier, kreative [&hellip;]<\/p>\n","protected":false},"author":1,"featured_media":0,"parent":0,"menu_order":0,"comment_status":"closed","ping_status":"closed","template":"","meta":{"footnotes":""},"class_list":["post-35","page","type-page","status-publish","hentry"],"_links":{"self":[{"href":"https:\/\/specials.querfeldeins.org\/index.php\/wp-json\/wp\/v2\/pages\/35","targetHints":{"allow":["GET"]}}],"collection":[{"href":"https:\/\/specials.querfeldeins.org\/index.php\/wp-json\/wp\/v2\/pages"}],"about":[{"href":"https:\/\/specials.querfeldeins.org\/index.php\/wp-json\/wp\/v2\/types\/page"}],"author":[{"embeddable":true,"href":"https:\/\/specials.querfeldeins.org\/index.php\/wp-json\/wp\/v2\/users\/1"}],"replies":[{"embeddable":true,"href":"https:\/\/specials.querfeldeins.org\/index.php\/wp-json\/wp\/v2\/comments?post=35"}],"version-history":[{"count":29,"href":"https:\/\/specials.querfeldeins.org\/index.php\/wp-json\/wp\/v2\/pages\/35\/revisions"}],"predecessor-version":[{"id":294,"href":"https:\/\/specials.querfeldeins.org\/index.php\/wp-json\/wp\/v2\/pages\/35\/revisions\/294"}],"wp:attachment":[{"href":"https:\/\/specials.querfeldeins.org\/index.php\/wp-json\/wp\/v2\/media?parent=35"}],"curies":[{"name":"wp","href":"https:\/\/api.w.org\/{rel}","templated":true}]}}